{"id":369,"date":"2025-11-10T18:51:03","date_gmt":"2025-11-10T18:51:03","guid":{"rendered":"https:\/\/emsdevelop.com\/?page_id=369"},"modified":"2025-12-26T19:51:20","modified_gmt":"2025-12-26T19:51:20","slug":"sobre-nosotros","status":"publish","type":"page","link":"https:\/\/emsdevelop.com\/en\/sobre-nosotros\/","title":{"rendered":"About Us"},"content":{"rendered":"<div data-elementor-type=\"wp-page\" data-elementor-id=\"369\" class=\"elementor elementor-369\">\n\t\t\t\t<div class=\"elementor-element elementor-element-49fc6604 e-flex e-con-boxed wpr-particle-no wpr-jarallax-no wpr-parallax-no wpr-sticky-section-no wpr-equal-height-no e-con e-parent\" data-id=\"49fc6604\" data-element_type=\"container\" data-e-type=\"container\" data-settings=\"{&quot;background_background&quot;:&quot;classic&quot;}\">\n\t\t\t\t\t<div class=\"e-con-inner\">\n\t\t<div class=\"elementor-element elementor-element-515e51ba e-con-full e-flex wpr-particle-no wpr-jarallax-no wpr-parallax-no wpr-sticky-section-no wpr-equal-height-no e-con e-child\" data-id=\"515e51ba\" data-element_type=\"container\" data-e-type=\"container\">\n\t\t\t\t<div class=\"elementor-element elementor-element-5ee8975b elementor-widget elementor-widget-elementskit-heading\" data-id=\"5ee8975b\" data-element_type=\"widget\" data-e-type=\"widget\" data-widget_type=\"elementskit-heading.default\">\n\t\t\t\t\t<div class=\"ekit-wid-con\" ><div class=\"ekit-heading elementskit-section-title-wraper text_center   ekit_heading_tablet-   ekit_heading_mobile-text_center\"><h3 class=\"elementskit-section-subtitle\">\n\t\t\t\t\t\t34 Years of Experience\n\t\t\t\t\t<\/h3><h2 class=\"ekit-heading--title elementskit-section-title\">We believe that every brand, business, or talent has the power to evolve.<\/h2><\/div><\/div>\t\t\t\t<\/div>\n\t\t\t\t<\/div>\n\t\t\t\t\t<\/div>\n\t\t\t\t<\/div>\n\t\t<div class=\"elementor-element elementor-element-54f9a88 e-flex e-con-boxed wpr-particle-no wpr-jarallax-no wpr-parallax-no wpr-sticky-section-no wpr-equal-height-no e-con e-parent\" data-id=\"54f9a88\" data-element_type=\"container\" data-e-type=\"container\">\n\t\t\t\t\t<div class=\"e-con-inner\">\n\t\t<div class=\"elementor-element elementor-element-725c7dd e-con-full e-flex wpr-particle-no wpr-jarallax-no wpr-parallax-no wpr-sticky-section-no wpr-equal-height-no e-con e-child\" data-id=\"725c7dd\" data-element_type=\"container\" data-e-type=\"container\" data-settings=\"{&quot;background_background&quot;:&quot;classic&quot;}\">\n\t\t<div class=\"elementor-element elementor-element-6d54122a e-con-full e-flex wpr-particle-no wpr-jarallax-no wpr-parallax-no wpr-sticky-section-no wpr-equal-height-no e-con e-child\" data-id=\"6d54122a\" data-element_type=\"container\" data-e-type=\"container\">\n\t\t\t\t<div class=\"elementor-element elementor-element-3dd45c3b elementor-invisible elementor-widget elementor-widget-elementskit-heading\" data-id=\"3dd45c3b\" data-element_type=\"widget\" data-e-type=\"widget\" data-settings=\"{&quot;_animation&quot;:&quot;fadeInLeft&quot;}\" data-widget_type=\"elementskit-heading.default\">\n\t\t\t\t\t<div class=\"ekit-wid-con\" ><div class=\"ekit-heading elementskit-section-title-wraper text_center   ekit_heading_tablet-   ekit_heading_mobile-\"><h3 class=\"elementskit-section-subtitle  elementskit-style-border\">\n\t\t\t\t\t\tAbout Us\n\t\t\t\t\t<\/h3><h1 class=\"ekit-heading--title elementskit-section-title\">Cada proyecto nace de un an\u00e1lisis profundo de tu identidad y objetivos.<\/h1><\/div><\/div>\t\t\t\t<\/div>\n\t\t\t\t<div class=\"elementor-element elementor-element-e1f96be elementor-invisible elementor-widget elementor-widget-text-editor\" data-id=\"e1f96be\" data-element_type=\"widget\" data-e-type=\"widget\" data-settings=\"{&quot;_animation&quot;:&quot;fadeInLeft&quot;}\" data-widget_type=\"text-editor.default\">\n\t\t\t\t\t\t\t\t\t<p>Nuestro enfoque se basa en construir marcas s\u00f3lidas que conecten, inspiren y generen crecimiento. Desde la creaci\u00f3n de contenido comercial hasta el desarrollo de p\u00e1ginas web, manejo de anuncios, producci\u00f3n audiovisual, inteligencia artificial, estrategias de posicionamiento y herramientas digitales avanzadas \u2014 como aplicaciones y c\u00f3digos QR \u2014 ofrecemos soluciones integrales dise\u00f1adas para cada etapa del desarrollo de tu marca.<\/p>\t\t\t\t\t\t\t\t<\/div>\n\t\t\t\t<div class=\"elementor-element elementor-element-50f5ff25 elementor-align-center elementor-invisible elementor-widget elementor-widget-elementskit-button\" data-id=\"50f5ff25\" data-element_type=\"widget\" data-e-type=\"widget\" data-settings=\"{&quot;_animation&quot;:&quot;fadeInRight&quot;}\" data-widget_type=\"elementskit-button.default\">\n\t\t\t\t\t<div class=\"ekit-wid-con\" >\t\t<div class=\"ekit-btn-wraper\">\n\t\t\t\t\t\t\t<a href=\"#\" class=\"elementskit-btn  whitespace--normal\" id=\"\">\n\t\t\t\t\tServices\t\t\t\t<\/a>\n\t\t\t\t\t<\/div>\n        <\/div>\t\t\t\t<\/div>\n\t\t\t\t<\/div>\n\t\t<div class=\"elementor-element elementor-element-57c9c981 e-con-full e-flex wpr-particle-no wpr-jarallax-no wpr-parallax-no wpr-sticky-section-no wpr-equal-height-no e-con e-child\" data-id=\"57c9c981\" data-element_type=\"container\" data-e-type=\"container\">\n\t\t\t\t<div class=\"elementor-element elementor-element-983524 elementor-invisible elementor-widget elementor-widget-image\" data-id=\"983524\" data-element_type=\"widget\" data-e-type=\"widget\" data-settings=\"{&quot;_animation&quot;:&quot;fadeInRight&quot;}\" data-widget_type=\"image.default\">\n\t\t\t\t\t\t\t\t\t\t\t\t\t\t\t<img fetchpriority=\"high\" decoding=\"async\" width=\"1784\" height=\"2304\" src=\"https:\/\/emsdevelop.com\/wp-content\/uploads\/2025\/11\/pexels-photo-259006-259006.jpg\" class=\"attachment-full size-full wp-image-572\" alt=\"A business team reviewing charts and graphs on documents, emphasizing data analysis and teamwork.\" srcset=\"https:\/\/emsdevelop.com\/wp-content\/uploads\/2025\/11\/pexels-photo-259006-259006.jpg 1784w, https:\/\/emsdevelop.com\/wp-content\/uploads\/2025\/11\/pexels-photo-259006-259006-232x300.jpg 232w, https:\/\/emsdevelop.com\/wp-content\/uploads\/2025\/11\/pexels-photo-259006-259006-793x1024.jpg 793w, https:\/\/emsdevelop.com\/wp-content\/uploads\/2025\/11\/pexels-photo-259006-259006-768x992.jpg 768w, https:\/\/emsdevelop.com\/wp-content\/uploads\/2025\/11\/pexels-photo-259006-259006-1189x1536.jpg 1189w, https:\/\/emsdevelop.com\/wp-content\/uploads\/2025\/11\/pexels-photo-259006-259006-1586x2048.jpg 1586w, https:\/\/emsdevelop.com\/wp-content\/uploads\/2025\/11\/pexels-photo-259006-259006-836x1080.jpg 836w, https:\/\/emsdevelop.com\/wp-content\/uploads\/2025\/11\/pexels-photo-259006-259006-600x775.jpg 600w\" sizes=\"(max-width: 1784px) 100vw, 1784px\" \/>\t\t\t\t\t\t\t\t\t\t\t\t\t\t\t<\/div>\n\t\t\t\t<\/div>\n\t\t\t\t<\/div>\n\t\t\t\t\t<\/div>\n\t\t\t\t<\/div>\n\t\t<div class=\"elementor-element elementor-element-1be2f050 e-flex e-con-boxed wpr-particle-no wpr-jarallax-no wpr-parallax-no wpr-sticky-section-no wpr-equal-height-no e-con e-parent\" data-id=\"1be2f050\" data-element_type=\"container\" data-e-type=\"container\" id=\"xs_cta_style_2\" data-settings=\"{&quot;background_background&quot;:&quot;classic&quot;}\">\n\t\t\t\t\t<div class=\"e-con-inner\">\n\t\t<div class=\"elementor-element elementor-element-1b427411 e-con-full e-flex wpr-particle-no wpr-jarallax-no wpr-parallax-no wpr-sticky-section-no wpr-equal-height-no e-con e-child\" data-id=\"1b427411\" data-element_type=\"container\" data-e-type=\"container\">\n\t\t\t\t<div class=\"elementor-element elementor-element-4f6dc79b elementor-widget elementor-widget-elementskit-heading\" data-id=\"4f6dc79b\" data-element_type=\"widget\" data-e-type=\"widget\" data-widget_type=\"elementskit-heading.default\">\n\t\t\t\t\t<div class=\"ekit-wid-con\" ><div class=\"ekit-heading elementskit-section-title-wraper text_center   ekit_heading_tablet-   ekit_heading_mobile-text_center\"><h2 class=\"ekit-heading--title elementskit-section-title\">Strategic Thinking at the Highest Level<\/h2><div class=\"ekit_heading_separetor_wraper ekit_heading_elementskit-border-divider ekit-dotted\"><div class=\"elementskit-border-divider ekit-dotted\"><\/div><\/div>\t\t\t\t<div class='ekit-heading__description'>\n\t\t\t\t\t<p><span style=\"font-weight: 400\">With years of experience working with entrepreneurs, artists, influencers, and companies across different industries, we understand that every project is unique. That\u2019s why we create customized strategies designed to maximize your impact and elevate your presence both within and beyond the digital market<\/span><\/p>\n\t\t\t\t<\/div>\n\t\t\t<\/div><\/div>\t\t\t\t<\/div>\n\t\t\t\t<div class=\"elementor-element elementor-element-6fa1a979 elementor-widget elementor-widget-elementskit-heading\" data-id=\"6fa1a979\" data-element_type=\"widget\" data-e-type=\"widget\" data-widget_type=\"elementskit-heading.default\">\n\t\t\t\t\t<div class=\"ekit-wid-con\" ><div class=\"ekit-heading elementskit-section-title-wraper text_center   ekit_heading_tablet-   ekit_heading_mobile-center\"><h3 class=\"elementskit-section-subtitle\">\n\t\t\t\t\t\tEMSDEVELOP\n\t\t\t\t\t<\/h3><h2 class=\"ekit-heading--title elementskit-section-title\">We are architects of strategies that elevate businesses and talent.<\/h2><\/div><\/div>\t\t\t\t<\/div>\n\t\t\t\t<div class=\"elementor-element elementor-element-4e290814 elementor-align--mobilecenter elementor-align-center elementor-widget elementor-widget-elementskit-button\" data-id=\"4e290814\" data-element_type=\"widget\" data-e-type=\"widget\" data-widget_type=\"elementskit-button.default\">\n\t\t\t\t\t<div class=\"ekit-wid-con\" >\t\t<div class=\"ekit-btn-wraper\">\n\t\t\t\t\t\t\t<a href=\"#\" class=\"elementskit-btn  whitespace--normal\" id=\"\">\n\t\t\t\t\tContact Us\t\t\t\t<\/a>\n\t\t\t\t\t<\/div>\n        <\/div>\t\t\t\t<\/div>\n\t\t\t\t<\/div>\n\t\t<div class=\"elementor-element elementor-element-529afeb2 e-con-full e-flex wpr-particle-no wpr-jarallax-no wpr-parallax-no wpr-sticky-section-no wpr-equal-height-no e-con e-child\" data-id=\"529afeb2\" data-element_type=\"container\" data-e-type=\"container\">\n\t\t\t\t<div class=\"elementor-element elementor-element-3c8a297e elementor-widget elementor-widget-image\" data-id=\"3c8a297e\" data-element_type=\"widget\" data-e-type=\"widget\" data-widget_type=\"image.default\">\n\t\t\t\t\t\t\t\t\t\t\t\t\t\t\t<img decoding=\"async\" width=\"545\" height=\"536\" src=\"https:\/\/emsdevelop.com\/wp-content\/uploads\/2025\/12\/Call_to_Actions1.png\" class=\"attachment-large size-large wp-image-768\" alt=\"\" srcset=\"https:\/\/emsdevelop.com\/wp-content\/uploads\/2025\/12\/Call_to_Actions1.png 545w, https:\/\/emsdevelop.com\/wp-content\/uploads\/2025\/12\/Call_to_Actions1-300x295.png 300w\" sizes=\"(max-width: 545px) 100vw, 545px\" \/>\t\t\t\t\t\t\t\t\t\t\t\t\t\t\t<\/div>\n\t\t\t\t<\/div>\n\t\t\t\t\t<\/div>\n\t\t\t\t<\/div>\n\t\t\t\t<\/div>","protected":false},"excerpt":{"rendered":"<p>34 A\u00f1os de Experiencia Creemos que cada marca, negocio o talento tiene el poder de evolucionar Sobre Nosotros Cada proyecto<\/p>","protected":false},"author":1,"featured_media":0,"parent":0,"menu_order":0,"comment_status":"closed","ping_status":"closed","template":"","meta":{"footnotes":""},"class_list":["post-369","page","type-page","status-publish","hentry"],"yoast_head":"<!-- This site is optimized with the Yoast SEO plugin v27.4 - https:\/\/yoast.com\/product\/yoast-seo-wordpress\/ -->\n<title>Estas Buscando Crecer tu Negocio? Llama Ahora| Consulta Gratis<\/title>\n<meta name=\"description\" content=\"Descubre qui\u00e9nes somos en EMSDEVEOP, una compa\u00f1\u00eda dedicada al crecimiento de negocios y talentos para llevarlo al siguiente nivel.\" \/>\n<meta name=\"robots\" content=\"index, follow, max-snippet:-1, max-image-preview:large, max-video-preview:-1\" \/>\n<link rel=\"canonical\" href=\"https:\/\/emsdevelop.com\/en\/sobre-nosotros\/\" \/>\n<meta property=\"og:locale\" content=\"en_US\" \/>\n<meta property=\"og:type\" content=\"article\" \/>\n<meta property=\"og:title\" content=\"Estas Buscando Crecer tu Negocio? Llama Ahora| Consulta Gratis\" \/>\n<meta property=\"og:description\" content=\"Descubre qui\u00e9nes somos en EMSDEVEOP, una compa\u00f1\u00eda dedicada al crecimiento de negocios y talentos para llevarlo al siguiente nivel.\" \/>\n<meta property=\"og:url\" content=\"https:\/\/emsdevelop.com\/en\/sobre-nosotros\/\" \/>\n<meta property=\"og:site_name\" content=\"Emsdevelop.com\" \/>\n<meta property=\"article:modified_time\" content=\"2025-12-26T19:51:20+00:00\" \/>\n<meta property=\"og:image\" content=\"https:\/\/emsdevelop.com\/wp-content\/uploads\/2025\/10\/ChatGPT-Image-Oct-10-2025-03_26_28-PM.png\" \/>\n\t<meta property=\"og:image:width\" content=\"1024\" \/>\n\t<meta property=\"og:image:height\" content=\"1024\" \/>\n\t<meta property=\"og:image:type\" content=\"image\/png\" \/>\n<meta name=\"twitter:card\" content=\"summary_large_image\" \/>\n<meta name=\"twitter:label1\" content=\"Est. reading time\" \/>\n\t<meta name=\"twitter:data1\" content=\"1 minute\" \/>\n<script type=\"application\/ld+json\" class=\"yoast-schema-graph\">{\"@context\":\"https:\\\/\\\/schema.org\",\"@graph\":[{\"@type\":\"WebPage\",\"@id\":\"https:\\\/\\\/emsdevelop.com\\\/sobre-nosotros\\\/\",\"url\":\"https:\\\/\\\/emsdevelop.com\\\/sobre-nosotros\\\/\",\"name\":\"Estas Buscando Crecer tu Negocio? Llama Ahora| Consulta Gratis\",\"isPartOf\":{\"@id\":\"https:\\\/\\\/emsdevelop.com\\\/#website\"},\"primaryImageOfPage\":{\"@id\":\"https:\\\/\\\/emsdevelop.com\\\/sobre-nosotros\\\/#primaryimage\"},\"image\":{\"@id\":\"https:\\\/\\\/emsdevelop.com\\\/sobre-nosotros\\\/#primaryimage\"},\"thumbnailUrl\":\"https:\\\/\\\/emsdevelop.com\\\/wp-content\\\/uploads\\\/2025\\\/11\\\/pexels-photo-259006-259006.jpg\",\"datePublished\":\"2025-11-10T18:51:03+00:00\",\"dateModified\":\"2025-12-26T19:51:20+00:00\",\"description\":\"Descubre qui\u00e9nes somos en EMSDEVEOP, una compa\u00f1\u00eda dedicada al crecimiento de negocios y talentos para llevarlo al siguiente nivel.\",\"breadcrumb\":{\"@id\":\"https:\\\/\\\/emsdevelop.com\\\/sobre-nosotros\\\/#breadcrumb\"},\"inLanguage\":\"en-US\",\"potentialAction\":[{\"@type\":\"ReadAction\",\"target\":[\"https:\\\/\\\/emsdevelop.com\\\/sobre-nosotros\\\/\"]}]},{\"@type\":\"ImageObject\",\"inLanguage\":\"en-US\",\"@id\":\"https:\\\/\\\/emsdevelop.com\\\/sobre-nosotros\\\/#primaryimage\",\"url\":\"https:\\\/\\\/emsdevelop.com\\\/wp-content\\\/uploads\\\/2025\\\/11\\\/pexels-photo-259006-259006.jpg\",\"contentUrl\":\"https:\\\/\\\/emsdevelop.com\\\/wp-content\\\/uploads\\\/2025\\\/11\\\/pexels-photo-259006-259006.jpg\"},{\"@type\":\"BreadcrumbList\",\"@id\":\"https:\\\/\\\/emsdevelop.com\\\/sobre-nosotros\\\/#breadcrumb\",\"itemListElement\":[{\"@type\":\"ListItem\",\"position\":1,\"name\":\"Home\",\"item\":\"https:\\\/\\\/emsdevelop.com\\\/\"},{\"@type\":\"ListItem\",\"position\":2,\"name\":\"Sobre Nosotros\"}]},{\"@type\":\"WebSite\",\"@id\":\"https:\\\/\\\/emsdevelop.com\\\/#website\",\"url\":\"https:\\\/\\\/emsdevelop.com\\\/\",\"name\":\"Emsdevelop.com\",\"description\":\"Evolution Management Strategies\",\"publisher\":{\"@id\":\"https:\\\/\\\/emsdevelop.com\\\/#organization\"},\"potentialAction\":[{\"@type\":\"SearchAction\",\"target\":{\"@type\":\"EntryPoint\",\"urlTemplate\":\"https:\\\/\\\/emsdevelop.com\\\/?s={search_term_string}\"},\"query-input\":{\"@type\":\"PropertyValueSpecification\",\"valueRequired\":true,\"valueName\":\"search_term_string\"}}],\"inLanguage\":\"en-US\"},{\"@type\":\"Organization\",\"@id\":\"https:\\\/\\\/emsdevelop.com\\\/#organization\",\"name\":\"Emsdevelop.com\",\"url\":\"https:\\\/\\\/emsdevelop.com\\\/\",\"logo\":{\"@type\":\"ImageObject\",\"inLanguage\":\"en-US\",\"@id\":\"https:\\\/\\\/emsdevelop.com\\\/#\\\/schema\\\/logo\\\/image\\\/\",\"url\":\"https:\\\/\\\/emsdevelop.com\\\/wp-content\\\/uploads\\\/2025\\\/10\\\/cropped-ChatGPT-Image-Oct-10-2025-03_26_28-PM.png\",\"contentUrl\":\"https:\\\/\\\/emsdevelop.com\\\/wp-content\\\/uploads\\\/2025\\\/10\\\/cropped-ChatGPT-Image-Oct-10-2025-03_26_28-PM.png\",\"width\":512,\"height\":512,\"caption\":\"Emsdevelop.com\"},\"image\":{\"@id\":\"https:\\\/\\\/emsdevelop.com\\\/#\\\/schema\\\/logo\\\/image\\\/\"}}]}<\/script>\n<!-- \/ Yoast SEO plugin. -->","yoast_head_json":{"title":"Estas Buscando Crecer tu Negocio? Llama Ahora| Consulta Gratis","description":"Descubre qui\u00e9nes somos en EMSDEVEOP, una compa\u00f1\u00eda dedicada al crecimiento de negocios y talentos para llevarlo al siguiente nivel.","robots":{"index":"index","follow":"follow","max-snippet":"max-snippet:-1","max-image-preview":"max-image-preview:large","max-video-preview":"max-video-preview:-1"},"canonical":"https:\/\/emsdevelop.com\/en\/sobre-nosotros\/","og_locale":"en_US","og_type":"article","og_title":"Estas Buscando Crecer tu Negocio? Llama Ahora| Consulta Gratis","og_description":"Descubre qui\u00e9nes somos en EMSDEVEOP, una compa\u00f1\u00eda dedicada al crecimiento de negocios y talentos para llevarlo al siguiente nivel.","og_url":"https:\/\/emsdevelop.com\/en\/sobre-nosotros\/","og_site_name":"Emsdevelop.com","article_modified_time":"2025-12-26T19:51:20+00:00","og_image":[{"width":1024,"height":1024,"url":"https:\/\/emsdevelop.com\/wp-content\/uploads\/2025\/10\/ChatGPT-Image-Oct-10-2025-03_26_28-PM.png","type":"image\/png"}],"twitter_card":"summary_large_image","twitter_misc":{"Est. reading time":"1 minute"},"schema":{"@context":"https:\/\/schema.org","@graph":[{"@type":"WebPage","@id":"https:\/\/emsdevelop.com\/sobre-nosotros\/","url":"https:\/\/emsdevelop.com\/sobre-nosotros\/","name":"Estas Buscando Crecer tu Negocio? Llama Ahora| Consulta Gratis","isPartOf":{"@id":"https:\/\/emsdevelop.com\/#website"},"primaryImageOfPage":{"@id":"https:\/\/emsdevelop.com\/sobre-nosotros\/#primaryimage"},"image":{"@id":"https:\/\/emsdevelop.com\/sobre-nosotros\/#primaryimage"},"thumbnailUrl":"https:\/\/emsdevelop.com\/wp-content\/uploads\/2025\/11\/pexels-photo-259006-259006.jpg","datePublished":"2025-11-10T18:51:03+00:00","dateModified":"2025-12-26T19:51:20+00:00","description":"Descubre qui\u00e9nes somos en EMSDEVEOP, una compa\u00f1\u00eda dedicada al crecimiento de negocios y talentos para llevarlo al siguiente nivel.","breadcrumb":{"@id":"https:\/\/emsdevelop.com\/sobre-nosotros\/#breadcrumb"},"inLanguage":"en-US","potentialAction":[{"@type":"ReadAction","target":["https:\/\/emsdevelop.com\/sobre-nosotros\/"]}]},{"@type":"ImageObject","inLanguage":"en-US","@id":"https:\/\/emsdevelop.com\/sobre-nosotros\/#primaryimage","url":"https:\/\/emsdevelop.com\/wp-content\/uploads\/2025\/11\/pexels-photo-259006-259006.jpg","contentUrl":"https:\/\/emsdevelop.com\/wp-content\/uploads\/2025\/11\/pexels-photo-259006-259006.jpg"},{"@type":"BreadcrumbList","@id":"https:\/\/emsdevelop.com\/sobre-nosotros\/#breadcrumb","itemListElement":[{"@type":"ListItem","position":1,"name":"Home","item":"https:\/\/emsdevelop.com\/"},{"@type":"ListItem","position":2,"name":"Sobre Nosotros"}]},{"@type":"WebSite","@id":"https:\/\/emsdevelop.com\/#website","url":"https:\/\/emsdevelop.com\/","name":"Emsdevelop.com","description":"Evolution Management Strategies","publisher":{"@id":"https:\/\/emsdevelop.com\/#organization"},"potentialAction":[{"@type":"SearchAction","target":{"@type":"EntryPoint","urlTemplate":"https:\/\/emsdevelop.com\/?s={search_term_string}"},"query-input":{"@type":"PropertyValueSpecification","valueRequired":true,"valueName":"search_term_string"}}],"inLanguage":"en-US"},{"@type":"Organization","@id":"https:\/\/emsdevelop.com\/#organization","name":"Emsdevelop.com","url":"https:\/\/emsdevelop.com\/","logo":{"@type":"ImageObject","inLanguage":"en-US","@id":"https:\/\/emsdevelop.com\/#\/schema\/logo\/image\/","url":"https:\/\/emsdevelop.com\/wp-content\/uploads\/2025\/10\/cropped-ChatGPT-Image-Oct-10-2025-03_26_28-PM.png","contentUrl":"https:\/\/emsdevelop.com\/wp-content\/uploads\/2025\/10\/cropped-ChatGPT-Image-Oct-10-2025-03_26_28-PM.png","width":512,"height":512,"caption":"Emsdevelop.com"},"image":{"@id":"https:\/\/emsdevelop.com\/#\/schema\/logo\/image\/"}}]}},"_hostinger_reach_plugin_has_subscription_block":false,"_hostinger_reach_plugin_is_elementor":false,"_links":{"self":[{"href":"https:\/\/emsdevelop.com\/en\/wp-json\/wp\/v2\/pages\/369","targetHints":{"allow":["GET"]}}],"collection":[{"href":"https:\/\/emsdevelop.com\/en\/wp-json\/wp\/v2\/pages"}],"about":[{"href":"https:\/\/emsdevelop.com\/en\/wp-json\/wp\/v2\/types\/page"}],"author":[{"embeddable":true,"href":"https:\/\/emsdevelop.com\/en\/wp-json\/wp\/v2\/users\/1"}],"replies":[{"embeddable":true,"href":"https:\/\/emsdevelop.com\/en\/wp-json\/wp\/v2\/comments?post=369"}],"version-history":[{"count":34,"href":"https:\/\/emsdevelop.com\/en\/wp-json\/wp\/v2\/pages\/369\/revisions"}],"predecessor-version":[{"id":926,"href":"https:\/\/emsdevelop.com\/en\/wp-json\/wp\/v2\/pages\/369\/revisions\/926"}],"wp:attachment":[{"href":"https:\/\/emsdevelop.com\/en\/wp-json\/wp\/v2\/media?parent=369"}],"curies":[{"name":"wp","href":"https:\/\/api.w.org\/{rel}","templated":true}]}}