{"id":15,"date":"2025-10-10T17:29:55","date_gmt":"2025-10-10T17:29:55","guid":{"rendered":"https:\/\/emsdevelop.com\/front_page\/"},"modified":"2025-11-10T16:47:37","modified_gmt":"2025-11-10T16:47:37","slug":"negocios-y-talentos","status":"publish","type":"page","link":"https:\/\/emsdevelop.com\/en\/","title":{"rendered":"Home"},"content":{"rendered":"creamos impacto\n\n\n\n<strong>BUSINESS<\/strong>\n\n\n\nAyudamos a empresas y emprendedores a crecer con estrategias inteligentes, contenido profesional y herramientas digitales dise\u00f1adas para aumentar ventas, visibilidad y posicionamiento.\n\n\n\n\n\nContenido para Anuncios\n\n\n\nCreamos contenido visual y audiovisual dise\u00f1ado para atraer, impactar y vender mas.\n\n\n\n\n\nCreacion de Codigo QR\n\n\n\nDise\u00f1amos c\u00f3digos QR personalizados que conectan tu marca con clientes al instante.\n\n\n\n\n\nCreacion Campanas Atractivas\n\n\n\nCreamos estrategias visuales y mensajes que conectan con tu p\u00fablico objetivocreando ventas.\n\n\n\n\n\nArtistas, Influencers &amp; Podcast\n\n\n\n<strong>Conectamos tu negocio con personalidades influyentes<\/strong> para atraer clientes a tu negocio.\n\n\n\n\n\n\n\n\n\n\n\nImpulsamos el Crecimiento de Negocios, Comercios, Compa\u00f1\u00edas, Servicios y Marcas Etc.\n\n\n\n\n\nRestaurantes\n\n\n\nBarberias\n\n\n\nAirbnb\n\n\n\nAbogados\n\n\n\nLimpieza\n\n\n\nContruction\n\n\n\nLimpieza\n\n\n\nTiendas en linea\n\n\n\nSalon de Belleza\n\n\n\n\nMas\n\n\n\n\n\n\n\n\n\n\nEstrategias para Atraer Clientes\n\n\n\nCreamos estrategias efectivas para atraer m\u00e1s clientes, aumentar tus ventas y posicionar tu negocio o marca<br>\n\n\n\n\n\n\n\n\n\nPaginas Web para Negocios\n\n\n\nDise\u00f1amos <strong>p\u00e1ginas web profesionales<\/strong> que impulsan tu negocio y generan resultados reales para tu negocio<br>\n\n\n\n\n\n\n\nManejo de Anuncios a Negocios\n\n\n\nCreamos y administramos campa\u00f1as publicitarias que generan resultados reales y nos encargamos de todo.<br>\n\n\n\n\n\n\n\n\n\nImpulsa Tu Negocio al Pr\u00f3ximo Nivel\n\n\n\nDesde estrategias digitales hasta contenido comercial y desarrollo web, tenemos todo lo que tu negocio necesita para crecer y destacar.\n\n\n\n<strong>Descubre Todos los Servicios<\/strong>\n\n\n\n\nTodos los servicios\n\n\n\n\n\n\n\n\n\n\nEstrategias inteligentes\n\n\n\nTALENTOS\n\n\n\nDesarrollamos estrategias efectivas para artistas, compositores, productores, modelos e influencers, impulsando su crecimiento, posicionamiento y proyecci\u00f3n internacional.\n\n\n\n\n\nRegistro de Regalia &amp; Publishing\n\n\n\nRegistro profesional de obras, composiciones,  derechos editoriales y copyright<br>\n\n\n\n\n\nContratos y Acuerdos\n\n\n\nElaboramos acuerdos de canciones entre artistas, productores y compositores\n\n\n\n\n\nFollowers, Views &amp; Likes\n\n\n\nAumenta tu alcance con seguidores, vistas y likes reales y org\u00e1nicos.<br>\n\n\n\n\n\nCompositores y Productores\n\n\n\nConectamos artistas con compositores y productores para crear \u00e9xitos.<br>\n\n\n\n\n\n\n\n\n\n\n\n\n\nServicios para Artistas, Compositores, Productores, Modelos, Influencers Etc.\n\n\n\n\n\nArtistas\n\n\n\nInvercionistas\n\n\n\nCompositores\n\n\n\nProductores\n\n\n\nInfluencers\n\n\n\nModelos\n\n\n\nBandas &amp; Grupos\n\n\n\n\nMas\n\n\n\n\n\n\n\n\n\n\nRegistro de Regalias\n\n\n\nTe ayudamos a registrar tus obras y cobrar tus regal\u00edas en todas las plataformas digitales y redes.<br>\n\n\n\n\n\n\n\nCompositores y Productores\n\n\n\nOfrecemos compositores y productores profesionales para crear tu pr\u00f3ximo \u00e9xito musical.<br>\n\n\n\n\n\n\n\nFollowers, Views, likes\n\n\n\nOfrecemos crecimiento estrat\u00e9gico en redes: m\u00e1s followers, views y likes para tu perfil.<br>\n\n\n\n\n\n\n\n\n\nTu talento merece una estrategia profesional\n\n\n\n\n\n\nTodos los servicios\n\n\n\n\n\n\n\n\n\n\n\n\nNegocios\n\n\n\n\n\nEstrategias Comerciales y Publicitarias<br>Creaci\u00f3n de campa\u00f1as publicitarias impactantes para redes sociales, televisi\u00f3n, radio y plataformas digitales.<br>Desarrollo de estrategias de posicionamiento y crecimiento de marca.<br>Campa\u00f1as de anuncios segmentados en Google Ads, Meta Ads (Facebook e Instagram) y YouTube Ads.<br>\n\n\n\n\nRead more\n\n\n\n\n\n\n\n\n\n\nTalentos\n\n\n\n\n\nDesarrollo de Imagen y Marca Personal<br>Creaci\u00f3n de identidad visual profesional (logo, colores, branding, concepto art\u00edstico).<br>Dise\u00f1o de portafolios, EPKs (Electronic Press Kits), biograf\u00edas y contenido para medios.<br>Sesiones fotogr\u00e1ficas, videos promocionales y estrategias de presencia digital.<br>Asesor\u00eda de imagen para redes sociales, eventos y presentaciones.\n\n\n\n\nRead more\n\n\n\n\n\n\n\n\n\n\n\n\nEMSDEVELOP<br>Donde los Negocios Crecen y los Talentos Brillan.\n\n\n\nEl momento ipara hacer crecer tu marca o tu talento es ahora.<br>Cada d\u00eda que pasa, otros avanzan, mientras t\u00fa podr\u00edas estar un paso al frente con nuestros servicios.<br>Cont\u00e1ctanos hoy para una consulta gratis.\n\n\n\n\nContact us\n\n\n\n\n\n\n\n\n\n\nNuestros Servicios\n\n\n\n\n\nYa seas una <strong>empresa<\/strong> buscando aumentar ventas o un <strong>artista<\/strong> que desea expandir su carrera, te ayudamos a llevar tu proyecto al siguiente nivel.\n\n\n\n\n\n\n\n\n\nNegocios\n\n\n\nAUMENTA LAS VENTAS\n\n\n\n\n\n\n\n\n\n\n\n\n\n\n\nTalentos\n\n\n\nPLAN&nbsp; POSICIONAMIENTO\n\n\n\n\n\n\n\n\n\n\n\n\n\n\n\n\n\nContactanos\n\n\n\n\n\nLorem ipsum dolor sit amet, at mei dolore tritani in his nemore temporibus consequuntur, vim ad prima vivendum consetetur. Viderer feugiat at pro, mea.\n\n\n\n\n617-866-2161\n\n\n\nInfo@emsdevelop.com\n\n\n\n100 Cambridge Street, 14th Floor, Boston, MA, 02114","protected":false},"excerpt":{"rendered":"","protected":false},"author":1,"featured_media":0,"parent":0,"menu_order":0,"comment_status":"closed","ping_status":"closed","template":"","meta":{"footnotes":""},"class_list":["post-15","page","type-page","status-publish","hentry"],"yoast_head":"<!-- This site is optimized with the Yoast SEO plugin v27.4 - https:\/\/yoast.com\/product\/yoast-seo-wordpress\/ -->\n<title>Emsdevelop Servicios y Posicionamiento para Negocios y Talentos<\/title>\n<meta name=\"description\" content=\"Impulsa tu marca o talento con estrategias de posicionamiento digital, publicidad, y desarrollo profesional para lograr resultados reales.\" \/>\n<meta name=\"robots\" content=\"index, follow, max-snippet:-1, max-image-preview:large, max-video-preview:-1\" \/>\n<link rel=\"canonical\" href=\"https:\/\/emsdevelop.com\/en\/\" \/>\n<meta property=\"og:locale\" content=\"en_US\" \/>\n<meta property=\"og:type\" content=\"article\" \/>\n<meta property=\"og:title\" content=\"Emsdevelop Servicios y Posicionamiento para Negocios y Talentos\" \/>\n<meta property=\"og:description\" content=\"Impulsa tu marca o talento con estrategias de posicionamiento digital, publicidad, y desarrollo profesional para lograr resultados reales.\" \/>\n<meta property=\"og:url\" content=\"https:\/\/emsdevelop.com\/en\/\" \/>\n<meta property=\"og:site_name\" content=\"Emsdevelop.com\" \/>\n<meta property=\"article:modified_time\" content=\"2025-11-10T16:47:37+00:00\" \/>\n<meta property=\"og:image\" content=\"https:\/\/emsdevelop.com\/wp-content\/uploads\/2025\/10\/ChatGPT-Image-Oct-31-2025-05_00_49-PM.png\" \/>\n\t<meta property=\"og:image:width\" content=\"1024\" \/>\n\t<meta property=\"og:image:height\" content=\"1024\" \/>\n\t<meta property=\"og:image:type\" content=\"image\/png\" \/>\n<meta name=\"twitter:card\" content=\"summary_large_image\" \/>\n<script type=\"application\/ld+json\" class=\"yoast-schema-graph\">{\"@context\":\"https:\\\/\\\/schema.org\",\"@graph\":[{\"@type\":\"WebPage\",\"@id\":\"https:\\\/\\\/emsdevelop.com\\\/\",\"url\":\"https:\\\/\\\/emsdevelop.com\\\/\",\"name\":\"Emsdevelop Servicios y Posicionamiento para Negocios y Talentos\",\"isPartOf\":{\"@id\":\"https:\\\/\\\/emsdevelop.com\\\/#website\"},\"datePublished\":\"2025-10-10T17:29:55+00:00\",\"dateModified\":\"2025-11-10T16:47:37+00:00\",\"description\":\"Impulsa tu marca o talento con estrategias de posicionamiento digital, publicidad, y desarrollo profesional para lograr resultados reales.\",\"breadcrumb\":{\"@id\":\"https:\\\/\\\/emsdevelop.com\\\/#breadcrumb\"},\"inLanguage\":\"en-US\",\"potentialAction\":[{\"@type\":\"ReadAction\",\"target\":[\"https:\\\/\\\/emsdevelop.com\\\/\"]}]},{\"@type\":\"BreadcrumbList\",\"@id\":\"https:\\\/\\\/emsdevelop.com\\\/#breadcrumb\",\"itemListElement\":[{\"@type\":\"ListItem\",\"position\":1,\"name\":\"Home\",\"item\":\"https:\\\/\\\/emsdevelop.com\\\/\"},{\"@type\":\"ListItem\",\"position\":2,\"name\":\"Home\"}]},{\"@type\":\"WebSite\",\"@id\":\"https:\\\/\\\/emsdevelop.com\\\/#website\",\"url\":\"https:\\\/\\\/emsdevelop.com\\\/\",\"name\":\"Emsdevelop.com\",\"description\":\"Evolution Management Strategies\",\"publisher\":{\"@id\":\"https:\\\/\\\/emsdevelop.com\\\/#organization\"},\"potentialAction\":[{\"@type\":\"SearchAction\",\"target\":{\"@type\":\"EntryPoint\",\"urlTemplate\":\"https:\\\/\\\/emsdevelop.com\\\/?s={search_term_string}\"},\"query-input\":{\"@type\":\"PropertyValueSpecification\",\"valueRequired\":true,\"valueName\":\"search_term_string\"}}],\"inLanguage\":\"en-US\"},{\"@type\":\"Organization\",\"@id\":\"https:\\\/\\\/emsdevelop.com\\\/#organization\",\"name\":\"Emsdevelop.com\",\"url\":\"https:\\\/\\\/emsdevelop.com\\\/\",\"logo\":{\"@type\":\"ImageObject\",\"inLanguage\":\"en-US\",\"@id\":\"https:\\\/\\\/emsdevelop.com\\\/#\\\/schema\\\/logo\\\/image\\\/\",\"url\":\"https:\\\/\\\/emsdevelop.com\\\/wp-content\\\/uploads\\\/2025\\\/10\\\/cropped-ChatGPT-Image-Oct-10-2025-03_26_28-PM.png\",\"contentUrl\":\"https:\\\/\\\/emsdevelop.com\\\/wp-content\\\/uploads\\\/2025\\\/10\\\/cropped-ChatGPT-Image-Oct-10-2025-03_26_28-PM.png\",\"width\":512,\"height\":512,\"caption\":\"Emsdevelop.com\"},\"image\":{\"@id\":\"https:\\\/\\\/emsdevelop.com\\\/#\\\/schema\\\/logo\\\/image\\\/\"}}]}<\/script>\n<!-- \/ Yoast SEO plugin. -->","yoast_head_json":{"title":"Emsdevelop Servicios y Posicionamiento para Negocios y Talentos","description":"Impulsa tu marca o talento con estrategias de posicionamiento digital, publicidad, y desarrollo profesional para lograr resultados reales.","robots":{"index":"index","follow":"follow","max-snippet":"max-snippet:-1","max-image-preview":"max-image-preview:large","max-video-preview":"max-video-preview:-1"},"canonical":"https:\/\/emsdevelop.com\/en\/","og_locale":"en_US","og_type":"article","og_title":"Emsdevelop Servicios y Posicionamiento para Negocios y Talentos","og_description":"Impulsa tu marca o talento con estrategias de posicionamiento digital, publicidad, y desarrollo profesional para lograr resultados reales.","og_url":"https:\/\/emsdevelop.com\/en\/","og_site_name":"Emsdevelop.com","article_modified_time":"2025-11-10T16:47:37+00:00","og_image":[{"width":1024,"height":1024,"url":"https:\/\/emsdevelop.com\/wp-content\/uploads\/2025\/10\/ChatGPT-Image-Oct-31-2025-05_00_49-PM.png","type":"image\/png"}],"twitter_card":"summary_large_image","schema":{"@context":"https:\/\/schema.org","@graph":[{"@type":"WebPage","@id":"https:\/\/emsdevelop.com\/","url":"https:\/\/emsdevelop.com\/","name":"Emsdevelop Servicios y Posicionamiento para Negocios y Talentos","isPartOf":{"@id":"https:\/\/emsdevelop.com\/#website"},"datePublished":"2025-10-10T17:29:55+00:00","dateModified":"2025-11-10T16:47:37+00:00","description":"Impulsa tu marca o talento con estrategias de posicionamiento digital, publicidad, y desarrollo profesional para lograr resultados reales.","breadcrumb":{"@id":"https:\/\/emsdevelop.com\/#breadcrumb"},"inLanguage":"en-US","potentialAction":[{"@type":"ReadAction","target":["https:\/\/emsdevelop.com\/"]}]},{"@type":"BreadcrumbList","@id":"https:\/\/emsdevelop.com\/#breadcrumb","itemListElement":[{"@type":"ListItem","position":1,"name":"Home","item":"https:\/\/emsdevelop.com\/"},{"@type":"ListItem","position":2,"name":"Home"}]},{"@type":"WebSite","@id":"https:\/\/emsdevelop.com\/#website","url":"https:\/\/emsdevelop.com\/","name":"Emsdevelop.com","description":"Evolution Management Strategies","publisher":{"@id":"https:\/\/emsdevelop.com\/#organization"},"potentialAction":[{"@type":"SearchAction","target":{"@type":"EntryPoint","urlTemplate":"https:\/\/emsdevelop.com\/?s={search_term_string}"},"query-input":{"@type":"PropertyValueSpecification","valueRequired":true,"valueName":"search_term_string"}}],"inLanguage":"en-US"},{"@type":"Organization","@id":"https:\/\/emsdevelop.com\/#organization","name":"Emsdevelop.com","url":"https:\/\/emsdevelop.com\/","logo":{"@type":"ImageObject","inLanguage":"en-US","@id":"https:\/\/emsdevelop.com\/#\/schema\/logo\/image\/","url":"https:\/\/emsdevelop.com\/wp-content\/uploads\/2025\/10\/cropped-ChatGPT-Image-Oct-10-2025-03_26_28-PM.png","contentUrl":"https:\/\/emsdevelop.com\/wp-content\/uploads\/2025\/10\/cropped-ChatGPT-Image-Oct-10-2025-03_26_28-PM.png","width":512,"height":512,"caption":"Emsdevelop.com"},"image":{"@id":"https:\/\/emsdevelop.com\/#\/schema\/logo\/image\/"}}]}},"_hostinger_reach_plugin_has_subscription_block":false,"_hostinger_reach_plugin_is_elementor":false,"_links":{"self":[{"href":"https:\/\/emsdevelop.com\/en\/wp-json\/wp\/v2\/pages\/15","targetHints":{"allow":["GET"]}}],"collection":[{"href":"https:\/\/emsdevelop.com\/en\/wp-json\/wp\/v2\/pages"}],"about":[{"href":"https:\/\/emsdevelop.com\/en\/wp-json\/wp\/v2\/types\/page"}],"author":[{"embeddable":true,"href":"https:\/\/emsdevelop.com\/en\/wp-json\/wp\/v2\/users\/1"}],"replies":[{"embeddable":true,"href":"https:\/\/emsdevelop.com\/en\/wp-json\/wp\/v2\/comments?post=15"}],"version-history":[{"count":92,"href":"https:\/\/emsdevelop.com\/en\/wp-json\/wp\/v2\/pages\/15\/revisions"}],"predecessor-version":[{"id":367,"href":"https:\/\/emsdevelop.com\/en\/wp-json\/wp\/v2\/pages\/15\/revisions\/367"}],"wp:attachment":[{"href":"https:\/\/emsdevelop.com\/en\/wp-json\/wp\/v2\/media?parent=15"}],"curies":[{"name":"wp","href":"https:\/\/api.w.org\/{rel}","templated":true}]}}