{"id":108,"date":"2025-12-28T18:26:55","date_gmt":"2025-12-28T18:26:55","guid":{"rendered":"https:\/\/emsdevelop.com\/?page_id=108"},"modified":"2025-12-28T18:27:33","modified_gmt":"2025-12-28T18:27:33","slug":"contacto","status":"publish","type":"page","link":"https:\/\/emsdevelop.com\/en\/contacto\/","title":{"rendered":"Contact Us"},"content":{"rendered":"<div data-elementor-type=\"wp-page\" data-elementor-id=\"108\" class=\"elementor elementor-108\">\n\t\t\t\t\t\t<section class=\"elementor-section elementor-top-section elementor-element elementor-element-1b5b47c50 elementor-section-height-min-height elementor-section-boxed elementor-section-height-default elementor-section-items-middle wpr-particle-no wpr-jarallax-no wpr-parallax-no wpr-sticky-section-no wpr-equal-height-no\" data-id=\"1b5b47c50\" data-element_type=\"section\" data-e-type=\"section\" data-settings=\"{&quot;background_background&quot;:&quot;classic&quot;}\">\n\t\t\t\t\t\t<div class=\"elementor-container elementor-column-gap-default\">\n\t\t\t\t\t<div class=\"elementor-column elementor-col-100 elementor-top-column elementor-element elementor-element-193bebdb\" data-id=\"193bebdb\" data-element_type=\"column\" data-e-type=\"column\">\n\t\t\t<div class=\"elementor-widget-wrap elementor-element-populated\">\n\t\t\t\t\t\t<div class=\"elementor-element elementor-element-1ba35669 elementor-widget elementor-widget-heading\" data-id=\"1ba35669\" data-element_type=\"widget\" data-e-type=\"widget\" data-widget_type=\"heading.default\">\n\t\t\t\t\t<h2 class=\"elementor-heading-title elementor-size-default\">Estamos aqu\u00ed para Ayudarte<\/h2>\t\t\t\t<\/div>\n\t\t\t\t\t<\/div>\n\t\t<\/div>\n\t\t\t\t\t<\/div>\n\t\t<\/section>\n\t\t\t\t<section class=\"elementor-section elementor-top-section elementor-element elementor-element-4b42d05a elementor-section-boxed elementor-section-height-default elementor-section-height-default wpr-particle-no wpr-jarallax-no wpr-parallax-no wpr-sticky-section-no wpr-equal-height-no elementor-invisible\" data-id=\"4b42d05a\" data-element_type=\"section\" data-e-type=\"section\" data-settings=\"{&quot;animation&quot;:&quot;fadeInRight&quot;}\">\n\t\t\t\t\t\t<div class=\"elementor-container elementor-column-gap-default\">\n\t\t\t\t\t<div class=\"elementor-column elementor-col-100 elementor-top-column elementor-element elementor-element-30d2f76d\" data-id=\"30d2f76d\" data-element_type=\"column\" data-e-type=\"column\">\n\t\t\t<div class=\"elementor-widget-wrap elementor-element-populated\">\n\t\t\t\t\t\t<div class=\"elementor-element elementor-element-fc9b572 elementor-widget elementor-widget-image\" data-id=\"fc9b572\" data-element_type=\"widget\" data-e-type=\"widget\" data-widget_type=\"image.default\">\n\t\t\t\t\t\t\t\t\t\t\t\t\t\t\t<img fetchpriority=\"high\" decoding=\"async\" width=\"1024\" height=\"683\" src=\"https:\/\/emsdevelop.com\/wp-content\/uploads\/2025\/12\/pexels-photo-3183150-3183150-1024x683.jpg\" class=\"attachment-large size-large wp-image-985\" alt=\"Overhead view of a diverse team in a business meeting using laptops and tablets.\" srcset=\"https:\/\/emsdevelop.com\/wp-content\/uploads\/2025\/12\/pexels-photo-3183150-3183150-1024x683.jpg 1024w, https:\/\/emsdevelop.com\/wp-content\/uploads\/2025\/12\/pexels-photo-3183150-3183150-300x200.jpg 300w, https:\/\/emsdevelop.com\/wp-content\/uploads\/2025\/12\/pexels-photo-3183150-3183150-768x513.jpg 768w, https:\/\/emsdevelop.com\/wp-content\/uploads\/2025\/12\/pexels-photo-3183150-3183150-1536x1025.jpg 1536w, https:\/\/emsdevelop.com\/wp-content\/uploads\/2025\/12\/pexels-photo-3183150-3183150-2048x1367.jpg 2048w, https:\/\/emsdevelop.com\/wp-content\/uploads\/2025\/12\/pexels-photo-3183150-3183150-600x400.jpg 600w\" sizes=\"(max-width: 1024px) 100vw, 1024px\" \/>\t\t\t\t\t\t\t\t\t\t\t\t\t\t\t<\/div>\n\t\t\t\t\t<\/div>\n\t\t<\/div>\n\t\t\t\t\t<\/div>\n\t\t<\/section>\n\t\t\t\t<section class=\"elementor-section elementor-top-section elementor-element elementor-element-9e7977 elementor-section-boxed elementor-section-height-default elementor-section-height-default wpr-particle-no wpr-jarallax-no wpr-parallax-no wpr-sticky-section-no wpr-equal-height-no elementor-invisible\" data-id=\"9e7977\" data-element_type=\"section\" data-e-type=\"section\" data-settings=\"{&quot;animation&quot;:&quot;fadeInLeft&quot;}\">\n\t\t\t\t\t\t<div class=\"elementor-container elementor-column-gap-wide\">\n\t\t\t\t\t<div class=\"elementor-column elementor-col-100 elementor-top-column elementor-element elementor-element-5920d9ea\" data-id=\"5920d9ea\" data-element_type=\"column\" data-e-type=\"column\">\n\t\t\t<div class=\"elementor-widget-wrap elementor-element-populated\">\n\t\t\t\t\t\t<div class=\"elementor-element elementor-element-5e3228c8 elementor-widget elementor-widget-heading\" data-id=\"5e3228c8\" data-element_type=\"widget\" data-e-type=\"widget\" data-widget_type=\"heading.default\">\n\t\t\t\t\t<h2 class=\"elementor-heading-title elementor-size-default\">Contact Us<\/h2>\t\t\t\t<\/div>\n\t\t\t\t<div class=\"elementor-element elementor-element-7b2b451f elementor-widget elementor-widget-heading\" data-id=\"7b2b451f\" data-element_type=\"widget\" data-e-type=\"widget\" data-widget_type=\"heading.default\">\n\t\t\t\t\t<h2 class=\"elementor-heading-title elementor-size-default\">\u00a1Ponte en Contacto con Nosotros!<\/h2>\t\t\t\t<\/div>\n\t\t\t\t<div class=\"elementor-element elementor-element-8f0ebfd elementor-button-info elementor-align-center elementor-widget elementor-widget-button\" data-id=\"8f0ebfd\" data-element_type=\"widget\" data-e-type=\"widget\" data-widget_type=\"button.default\">\n\t\t\t\t\t\t\t\t\t\t<a class=\"elementor-button elementor-button-link elementor-size-sm\" href=\"tel:6178662161\">\n\t\t\t\t\t\t<span class=\"elementor-button-content-wrapper\">\n\t\t\t\t\t\t\t\t\t<span class=\"elementor-button-text\">Lama<\/span>\n\t\t\t\t\t<\/span>\n\t\t\t\t\t<\/a>\n\t\t\t\t\t\t\t\t<\/div>\n\t\t\t\t<div class=\"elementor-element elementor-element-1ebdd70a elementor-widget elementor-widget-text-editor\" data-id=\"1ebdd70a\" data-element_type=\"widget\" data-e-type=\"widget\" data-widget_type=\"text-editor.default\">\n\t\t\t\t\t\t\t\t\t<p data-start=\"186\" data-end=\"443\">Estamos listos para llevar tu negocio o marca al siguiente nivel. Cont\u00e1ctanos para una consulta gratuita, recibe orientaci\u00f3n estrat\u00e9gica personalizada y descubre c\u00f3mo EMSDEVELOP puede impulsar tu crecimiento con soluciones reales y efectivas.<\/p>\t\t\t\t\t\t\t\t<\/div>\n\t\t\t\t<div class=\"elementor-element elementor-element-1248166 elementor-view-default elementor-position-block-start elementor-mobile-position-block-start elementor-widget elementor-widget-icon-box\" data-id=\"1248166\" data-element_type=\"widget\" data-e-type=\"widget\" data-widget_type=\"icon-box.default\">\n\t\t\t\t\t\t\t<div class=\"elementor-icon-box-wrapper\">\n\n\t\t\t\t\t\t<div class=\"elementor-icon-box-icon\">\n\t\t\t\t<span  class=\"elementor-icon\">\n\t\t\t\t<svg aria-hidden=\"true\" class=\"e-font-icon-svg e-fas-phone-alt\" viewbox=\"0 0 512 512\" xmlns=\"http:\/\/www.w3.org\/2000\/svg\"><path d=\"M497.39 361.8l-112-48a24 24 0 0 0-28 6.9l-49.6 60.6A370.66 370.66 0 0 1 130.6 204.11l60.6-49.6a23.94 23.94 0 0 0 6.9-28l-48-112A24.16 24.16 0 0 0 122.6.61l-104 24A24 24 0 0 0 0 48c0 256.5 207.9 464 464 464a24 24 0 0 0 23.4-18.6l24-104a24.29 24.29 0 0 0-14.01-27.6z\"><\/path><\/svg>\t\t\t\t<\/span>\n\t\t\t<\/div>\n\t\t\t\n\t\t\t\t\t\t<div class=\"elementor-icon-box-content\">\n\n\t\t\t\t\t\t\t\t\t<h3 class=\"elementor-icon-box-title\">\n\t\t\t\t\t\t<span  >\n\t\t\t\t\t\t\tOffice Phone Number\t\t\t\t\t\t<\/span>\n\t\t\t\t\t<\/h3>\n\t\t\t\t\n\t\t\t\t\t\t\t\t\t<p class=\"elementor-icon-box-description\">\n\t\t\t\t\t\t617-866-2161\t\t\t\t\t<\/p>\n\t\t\t\t\n\t\t\t<\/div>\n\t\t\t\n\t\t<\/div>\n\t\t\t\t\t\t<\/div>\n\t\t\t\t<div class=\"elementor-element elementor-element-323facfd elementor-view-default elementor-position-block-start elementor-mobile-position-block-start elementor-widget elementor-widget-icon-box\" data-id=\"323facfd\" data-element_type=\"widget\" data-e-type=\"widget\" data-widget_type=\"icon-box.default\">\n\t\t\t\t\t\t\t<div class=\"elementor-icon-box-wrapper\">\n\n\t\t\t\t\t\t<div class=\"elementor-icon-box-icon\">\n\t\t\t\t<span  class=\"elementor-icon\">\n\t\t\t\t<svg aria-hidden=\"true\" class=\"e-font-icon-svg e-fas-envelope\" viewbox=\"0 0 512 512\" xmlns=\"http:\/\/www.w3.org\/2000\/svg\"><path d=\"M502.3 190.8c3.9-3.1 9.7-.2 9.7 4.7V400c0 26.5-21.5 48-48 48H48c-26.5 0-48-21.5-48-48V195.6c0-5 5.7-7.8 9.7-4.7 22.4 17.4 52.1 39.5 154.1 113.6 21.1 15.4 56.7 47.8 92.2 47.6 35.7.3 72-32.8 92.3-47.6 102-74.1 131.6-96.3 154-113.7zM256 320c23.2.4 56.6-29.2 73.4-41.4 132.7-96.3 142.8-104.7 173.4-128.7 5.8-4.5 9.2-11.5 9.2-18.9v-19c0-26.5-21.5-48-48-48H48C21.5 64 0 85.5 0 112v19c0 7.4 3.4 14.3 9.2 18.9 30.6 23.9 40.7 32.4 173.4 128.7 16.8 12.2 50.2 41.8 73.4 41.4z\"><\/path><\/svg>\t\t\t\t<\/span>\n\t\t\t<\/div>\n\t\t\t\n\t\t\t\t\t\t<div class=\"elementor-icon-box-content\">\n\n\t\t\t\t\t\t\t\t\t<h3 class=\"elementor-icon-box-title\">\n\t\t\t\t\t\t<span  >\n\t\t\t\t\t\t\tOffice Email\t\t\t\t\t\t<\/span>\n\t\t\t\t\t<\/h3>\n\t\t\t\t\n\t\t\t\t\t\t\t\t\t<p class=\"elementor-icon-box-description\">\n\t\t\t\t\t\tinfo@emsdevelop.com\t\t\t\t\t<\/p>\n\t\t\t\t\n\t\t\t<\/div>\n\t\t\t\n\t\t<\/div>\n\t\t\t\t\t\t<\/div>\n\t\t\t\t<section class=\"elementor-section elementor-inner-section elementor-element elementor-element-68deea92 elementor-section-boxed elementor-section-height-default elementor-section-height-default wpr-particle-no wpr-jarallax-no wpr-parallax-no wpr-sticky-section-no wpr-equal-height-no\" data-id=\"68deea92\" data-element_type=\"section\" data-e-type=\"section\">\n\t\t\t\t\t\t<div class=\"elementor-container elementor-column-gap-default\">\n\t\t\t\t\t<div class=\"elementor-column elementor-col-100 elementor-inner-column elementor-element elementor-element-2a0a48f7\" data-id=\"2a0a48f7\" data-element_type=\"column\" data-e-type=\"column\">\n\t\t\t<div class=\"elementor-widget-wrap elementor-element-populated\">\n\t\t\t\t\t\t<div class=\"elementor-element elementor-element-5d679320 elementor-view-default elementor-position-block-start elementor-mobile-position-block-start elementor-widget elementor-widget-icon-box\" data-id=\"5d679320\" data-element_type=\"widget\" data-e-type=\"widget\" data-widget_type=\"icon-box.default\">\n\t\t\t\t\t\t\t<div class=\"elementor-icon-box-wrapper\">\n\n\t\t\t\t\t\t<div class=\"elementor-icon-box-icon\">\n\t\t\t\t<span  class=\"elementor-icon\">\n\t\t\t\t<svg aria-hidden=\"true\" class=\"e-font-icon-svg e-fas-map-marker-alt\" viewbox=\"0 0 384 512\" xmlns=\"http:\/\/www.w3.org\/2000\/svg\"><path d=\"M172.268 501.67C26.97 291.031 0 269.413 0 192 0 85.961 85.961 0 192 0s192 85.961 192 192c0 77.413-26.97 99.031-172.268 309.67-9.535 13.774-29.93 13.773-39.464 0zM192 272c44.183 0 80-35.817 80-80s-35.817-80-80-80-80 35.817-80 80 35.817 80 80 80z\"><\/path><\/svg>\t\t\t\t<\/span>\n\t\t\t<\/div>\n\t\t\t\n\t\t\t\t\t\t<div class=\"elementor-icon-box-content\">\n\n\t\t\t\t\t\t\t\t\t<h3 class=\"elementor-icon-box-title\">\n\t\t\t\t\t\t<span  >\n\t\t\t\t\t\t\tOffice Location\t\t\t\t\t\t<\/span>\n\t\t\t\t\t<\/h3>\n\t\t\t\t\n\t\t\t\t\t\t\t\t\t<p class=\"elementor-icon-box-description\">\n\t\t\t\t\t\t75 State Street, Ste 100, Boston, Massachusetts 02109, United\t\t\t\t\t<\/p>\n\t\t\t\t\n\t\t\t<\/div>\n\t\t\t\n\t\t<\/div>\n\t\t\t\t\t\t<\/div>\n\t\t\t\t\t<\/div>\n\t\t<\/div>\n\t\t\t\t\t<\/div>\n\t\t<\/section>\n\t\t\t\t\t<\/div>\n\t\t<\/div>\n\t\t\t\t\t<\/div>\n\t\t<\/section>\n\t\t\t\t<\/div>","protected":false},"excerpt":{"rendered":"<p>Estamos aqu\u00ed para Ayudarte Contact Us \u00a1Ponte en Contacto con Nosotros! Lama Estamos listos para llevar tu negocio o marca<\/p>","protected":false},"author":1,"featured_media":0,"parent":0,"menu_order":0,"comment_status":"closed","ping_status":"closed","template":"","meta":{"footnotes":""},"class_list":["post-108","page","type-page","status-publish","hentry"],"yoast_head":"<!-- This site is optimized with the Yoast SEO plugin v27.4 - https:\/\/yoast.com\/product\/yoast-seo-wordpress\/ -->\n<title>Estrategias, Marketing y Desarrollo para Negocios y Talentos<\/title>\n<meta name=\"description\" content=\"Recibe asesor\u00eda estrat\u00e9gica en marketing, p\u00e1ginas web, anuncios, regal\u00edas, desarrollo de marcas para negocios y talentos. Llama Ahora\" \/>\n<meta name=\"robots\" content=\"index, follow, max-snippet:-1, max-image-preview:large, max-video-preview:-1\" \/>\n<link rel=\"canonical\" href=\"https:\/\/emsdevelop.com\/en\/contacto\/\" \/>\n<meta property=\"og:locale\" content=\"en_US\" \/>\n<meta property=\"og:type\" content=\"article\" \/>\n<meta property=\"og:title\" content=\"Estrategias, Marketing y Desarrollo para Negocios y Talentos\" \/>\n<meta property=\"og:description\" content=\"Recibe asesor\u00eda estrat\u00e9gica en marketing, p\u00e1ginas web, anuncios, regal\u00edas, desarrollo de marcas para negocios y talentos. Llama Ahora\" \/>\n<meta property=\"og:url\" content=\"https:\/\/emsdevelop.com\/en\/contacto\/\" \/>\n<meta property=\"og:site_name\" content=\"Emsdevelop.com\" \/>\n<meta property=\"article:modified_time\" content=\"2025-12-28T18:27:33+00:00\" \/>\n<meta property=\"og:image\" content=\"https:\/\/emsdevelop.com\/wp-content\/uploads\/2025\/12\/pexels-photo-3183150-3183150-scaled.jpg\" \/>\n\t<meta property=\"og:image:width\" content=\"2560\" \/>\n\t<meta property=\"og:image:height\" content=\"1708\" \/>\n\t<meta property=\"og:image:type\" content=\"image\/jpeg\" \/>\n<meta name=\"twitter:card\" content=\"summary_large_image\" \/>\n<meta name=\"twitter:label1\" content=\"Est. reading time\" \/>\n\t<meta name=\"twitter:data1\" content=\"1 minute\" \/>\n<script type=\"application\/ld+json\" class=\"yoast-schema-graph\">{\"@context\":\"https:\\\/\\\/schema.org\",\"@graph\":[{\"@type\":\"WebPage\",\"@id\":\"https:\\\/\\\/emsdevelop.com\\\/contacto\\\/\",\"url\":\"https:\\\/\\\/emsdevelop.com\\\/contacto\\\/\",\"name\":\"Estrategias, Marketing y Desarrollo para Negocios y Talentos\",\"isPartOf\":{\"@id\":\"https:\\\/\\\/emsdevelop.com\\\/#website\"},\"primaryImageOfPage\":{\"@id\":\"https:\\\/\\\/emsdevelop.com\\\/contacto\\\/#primaryimage\"},\"image\":{\"@id\":\"https:\\\/\\\/emsdevelop.com\\\/contacto\\\/#primaryimage\"},\"thumbnailUrl\":\"https:\\\/\\\/emsdevelop.com\\\/wp-content\\\/uploads\\\/2025\\\/12\\\/pexels-photo-3183150-3183150-1024x683.jpg\",\"datePublished\":\"2025-12-28T18:26:55+00:00\",\"dateModified\":\"2025-12-28T18:27:33+00:00\",\"description\":\"Recibe asesor\u00eda estrat\u00e9gica en marketing, p\u00e1ginas web, anuncios, regal\u00edas, desarrollo de marcas para negocios y talentos. Llama Ahora\",\"breadcrumb\":{\"@id\":\"https:\\\/\\\/emsdevelop.com\\\/contacto\\\/#breadcrumb\"},\"inLanguage\":\"en-US\",\"potentialAction\":[{\"@type\":\"ReadAction\",\"target\":[\"https:\\\/\\\/emsdevelop.com\\\/contacto\\\/\"]}]},{\"@type\":\"ImageObject\",\"inLanguage\":\"en-US\",\"@id\":\"https:\\\/\\\/emsdevelop.com\\\/contacto\\\/#primaryimage\",\"url\":\"https:\\\/\\\/emsdevelop.com\\\/wp-content\\\/uploads\\\/2025\\\/12\\\/pexels-photo-3183150-3183150-1024x683.jpg\",\"contentUrl\":\"https:\\\/\\\/emsdevelop.com\\\/wp-content\\\/uploads\\\/2025\\\/12\\\/pexels-photo-3183150-3183150-1024x683.jpg\"},{\"@type\":\"BreadcrumbList\",\"@id\":\"https:\\\/\\\/emsdevelop.com\\\/contacto\\\/#breadcrumb\",\"itemListElement\":[{\"@type\":\"ListItem\",\"position\":1,\"name\":\"Home\",\"item\":\"https:\\\/\\\/emsdevelop.com\\\/\"},{\"@type\":\"ListItem\",\"position\":2,\"name\":\"Contacto\"}]},{\"@type\":\"WebSite\",\"@id\":\"https:\\\/\\\/emsdevelop.com\\\/#website\",\"url\":\"https:\\\/\\\/emsdevelop.com\\\/\",\"name\":\"Emsdevelop.com\",\"description\":\"Evolution Management Strategies\",\"publisher\":{\"@id\":\"https:\\\/\\\/emsdevelop.com\\\/#organization\"},\"potentialAction\":[{\"@type\":\"SearchAction\",\"target\":{\"@type\":\"EntryPoint\",\"urlTemplate\":\"https:\\\/\\\/emsdevelop.com\\\/?s={search_term_string}\"},\"query-input\":{\"@type\":\"PropertyValueSpecification\",\"valueRequired\":true,\"valueName\":\"search_term_string\"}}],\"inLanguage\":\"en-US\"},{\"@type\":\"Organization\",\"@id\":\"https:\\\/\\\/emsdevelop.com\\\/#organization\",\"name\":\"Emsdevelop.com\",\"url\":\"https:\\\/\\\/emsdevelop.com\\\/\",\"logo\":{\"@type\":\"ImageObject\",\"inLanguage\":\"en-US\",\"@id\":\"https:\\\/\\\/emsdevelop.com\\\/#\\\/schema\\\/logo\\\/image\\\/\",\"url\":\"https:\\\/\\\/emsdevelop.com\\\/wp-content\\\/uploads\\\/2025\\\/10\\\/cropped-ChatGPT-Image-Oct-10-2025-03_26_28-PM.png\",\"contentUrl\":\"https:\\\/\\\/emsdevelop.com\\\/wp-content\\\/uploads\\\/2025\\\/10\\\/cropped-ChatGPT-Image-Oct-10-2025-03_26_28-PM.png\",\"width\":512,\"height\":512,\"caption\":\"Emsdevelop.com\"},\"image\":{\"@id\":\"https:\\\/\\\/emsdevelop.com\\\/#\\\/schema\\\/logo\\\/image\\\/\"}}]}<\/script>\n<!-- \/ Yoast SEO plugin. -->","yoast_head_json":{"title":"Estrategias, Marketing y Desarrollo para Negocios y Talentos","description":"Recibe asesor\u00eda estrat\u00e9gica en marketing, p\u00e1ginas web, anuncios, regal\u00edas, desarrollo de marcas para negocios y talentos. Llama Ahora","robots":{"index":"index","follow":"follow","max-snippet":"max-snippet:-1","max-image-preview":"max-image-preview:large","max-video-preview":"max-video-preview:-1"},"canonical":"https:\/\/emsdevelop.com\/en\/contacto\/","og_locale":"en_US","og_type":"article","og_title":"Estrategias, Marketing y Desarrollo para Negocios y Talentos","og_description":"Recibe asesor\u00eda estrat\u00e9gica en marketing, p\u00e1ginas web, anuncios, regal\u00edas, desarrollo de marcas para negocios y talentos. Llama Ahora","og_url":"https:\/\/emsdevelop.com\/en\/contacto\/","og_site_name":"Emsdevelop.com","article_modified_time":"2025-12-28T18:27:33+00:00","og_image":[{"width":2560,"height":1708,"url":"https:\/\/emsdevelop.com\/wp-content\/uploads\/2025\/12\/pexels-photo-3183150-3183150-scaled.jpg","type":"image\/jpeg"}],"twitter_card":"summary_large_image","twitter_misc":{"Est. reading time":"1 minute"},"schema":{"@context":"https:\/\/schema.org","@graph":[{"@type":"WebPage","@id":"https:\/\/emsdevelop.com\/contacto\/","url":"https:\/\/emsdevelop.com\/contacto\/","name":"Estrategias, Marketing y Desarrollo para Negocios y Talentos","isPartOf":{"@id":"https:\/\/emsdevelop.com\/#website"},"primaryImageOfPage":{"@id":"https:\/\/emsdevelop.com\/contacto\/#primaryimage"},"image":{"@id":"https:\/\/emsdevelop.com\/contacto\/#primaryimage"},"thumbnailUrl":"https:\/\/emsdevelop.com\/wp-content\/uploads\/2025\/12\/pexels-photo-3183150-3183150-1024x683.jpg","datePublished":"2025-12-28T18:26:55+00:00","dateModified":"2025-12-28T18:27:33+00:00","description":"Recibe asesor\u00eda estrat\u00e9gica en marketing, p\u00e1ginas web, anuncios, regal\u00edas, desarrollo de marcas para negocios y talentos. Llama Ahora","breadcrumb":{"@id":"https:\/\/emsdevelop.com\/contacto\/#breadcrumb"},"inLanguage":"en-US","potentialAction":[{"@type":"ReadAction","target":["https:\/\/emsdevelop.com\/contacto\/"]}]},{"@type":"ImageObject","inLanguage":"en-US","@id":"https:\/\/emsdevelop.com\/contacto\/#primaryimage","url":"https:\/\/emsdevelop.com\/wp-content\/uploads\/2025\/12\/pexels-photo-3183150-3183150-1024x683.jpg","contentUrl":"https:\/\/emsdevelop.com\/wp-content\/uploads\/2025\/12\/pexels-photo-3183150-3183150-1024x683.jpg"},{"@type":"BreadcrumbList","@id":"https:\/\/emsdevelop.com\/contacto\/#breadcrumb","itemListElement":[{"@type":"ListItem","position":1,"name":"Home","item":"https:\/\/emsdevelop.com\/"},{"@type":"ListItem","position":2,"name":"Contacto"}]},{"@type":"WebSite","@id":"https:\/\/emsdevelop.com\/#website","url":"https:\/\/emsdevelop.com\/","name":"Emsdevelop.com","description":"Evolution Management Strategies","publisher":{"@id":"https:\/\/emsdevelop.com\/#organization"},"potentialAction":[{"@type":"SearchAction","target":{"@type":"EntryPoint","urlTemplate":"https:\/\/emsdevelop.com\/?s={search_term_string}"},"query-input":{"@type":"PropertyValueSpecification","valueRequired":true,"valueName":"search_term_string"}}],"inLanguage":"en-US"},{"@type":"Organization","@id":"https:\/\/emsdevelop.com\/#organization","name":"Emsdevelop.com","url":"https:\/\/emsdevelop.com\/","logo":{"@type":"ImageObject","inLanguage":"en-US","@id":"https:\/\/emsdevelop.com\/#\/schema\/logo\/image\/","url":"https:\/\/emsdevelop.com\/wp-content\/uploads\/2025\/10\/cropped-ChatGPT-Image-Oct-10-2025-03_26_28-PM.png","contentUrl":"https:\/\/emsdevelop.com\/wp-content\/uploads\/2025\/10\/cropped-ChatGPT-Image-Oct-10-2025-03_26_28-PM.png","width":512,"height":512,"caption":"Emsdevelop.com"},"image":{"@id":"https:\/\/emsdevelop.com\/#\/schema\/logo\/image\/"}}]}},"_hostinger_reach_plugin_has_subscription_block":false,"_hostinger_reach_plugin_is_elementor":false,"_links":{"self":[{"href":"https:\/\/emsdevelop.com\/en\/wp-json\/wp\/v2\/pages\/108","targetHints":{"allow":["GET"]}}],"collection":[{"href":"https:\/\/emsdevelop.com\/en\/wp-json\/wp\/v2\/pages"}],"about":[{"href":"https:\/\/emsdevelop.com\/en\/wp-json\/wp\/v2\/types\/page"}],"author":[{"embeddable":true,"href":"https:\/\/emsdevelop.com\/en\/wp-json\/wp\/v2\/users\/1"}],"replies":[{"embeddable":true,"href":"https:\/\/emsdevelop.com\/en\/wp-json\/wp\/v2\/comments?post=108"}],"version-history":[{"count":70,"href":"https:\/\/emsdevelop.com\/en\/wp-json\/wp\/v2\/pages\/108\/revisions"}],"predecessor-version":[{"id":1047,"href":"https:\/\/emsdevelop.com\/en\/wp-json\/wp\/v2\/pages\/108\/revisions\/1047"}],"wp:attachment":[{"href":"https:\/\/emsdevelop.com\/en\/wp-json\/wp\/v2\/media?parent=108"}],"curies":[{"name":"wp","href":"https:\/\/api.w.org\/{rel}","templated":true}]}}